{"id":719,"date":"2025-11-07T20:32:39","date_gmt":"2025-11-07T20:32:39","guid":{"rendered":"https:\/\/nw-gemeinschaft.de\/?page_id=719"},"modified":"2026-01-12T20:38:46","modified_gmt":"2026-01-12T20:38:46","slug":"buergermeisterkandidatin","status":"publish","type":"page","link":"https:\/\/nw-gemeinschaft.de\/?page_id=719","title":{"rendered":"B\u00fcrgermeisterkandidatin"},"content":{"rendered":"\t\t<div data-elementor-type=\"wp-post\" data-elementor-id=\"719\" class=\"elementor elementor-719\" data-elementor-post-type=\"page\">\n\t\t\t\t\t\t<section class=\"elementor-section elementor-top-section elementor-element elementor-element-fb5daa1 elementor-section-height-min-height elementor-section-boxed elementor-section-height-default elementor-section-items-middle\" data-id=\"fb5daa1\" data-element_type=\"section\" data-settings=\"{&quot;background_background&quot;:&quot;gradient&quot;}\">\n\t\t\t\t\t\t\t<div class=\"elementor-background-overlay\"><\/div>\n\t\t\t\t\t\t\t<div class=\"elementor-container elementor-column-gap-default\">\n\t\t\t\t\t<div class=\"elementor-column elementor-col-100 elementor-top-column elementor-element elementor-element-b1785e6\" data-id=\"b1785e6\" data-element_type=\"column\">\n\t\t\t<div class=\"elementor-widget-wrap elementor-element-populated\">\n\t\t\t\t\t\t<div class=\"elementor-element elementor-element-503bded elementor-widget elementor-widget-heading\" data-id=\"503bded\" data-element_type=\"widget\" data-widget_type=\"heading.default\">\n\t\t\t\t<div class=\"elementor-widget-container\">\n\t\t\t\t\t<h2 class=\"elementor-heading-title elementor-size-default\">Dr. Stephanie Auer-Neuberg<\/h2>\t\t\t\t<\/div>\n\t\t\t\t<\/div>\n\t\t\t\t<div class=\"elementor-element elementor-element-0e3e5ee elementor-widget elementor-widget-attesa-extra-divider\" data-id=\"0e3e5ee\" data-element_type=\"widget\" data-widget_type=\"attesa-extra-divider.default\">\n\t\t\t\t<div class=\"elementor-widget-container\">\n\t\t\t\t\t\t\t<div class=\"attesa-extra-divider-wrap position_center\">\r\n\t\t\t<div class=\"attesa-extra-divider attesa-divider-before\"><\/div>\r\n\t\t\t\t\t\t\t<div class=\"attesa-divider-middle\"><i class=\"fa fa-address-card\"><\/i><\/div>\r\n\t\t\t\t\t\t<div class=\"attesa-extra-divider attesa-divider-after\"><\/div>\r\n\t\t<\/div>\r\n\t\t\t\t\t\t<\/div>\n\t\t\t\t<\/div>\n\t\t\t\t<div class=\"elementor-element elementor-element-97f3a45 elementor-widget elementor-widget-heading\" data-id=\"97f3a45\" data-element_type=\"widget\" data-widget_type=\"heading.default\">\n\t\t\t\t<div class=\"elementor-widget-container\">\n\t\t\t\t\t<h2 class=\"elementor-heading-title elementor-size-default\">Erfahrung \u00b7 Kompetenz \u00b7 Haltung<\/h2>\t\t\t\t<\/div>\n\t\t\t\t<\/div>\n\t\t\t\t\t<\/div>\n\t\t<\/div>\n\t\t\t\t\t<\/div>\n\t\t<\/section>\n\t\t\t\t<section class=\"elementor-section elementor-top-section elementor-element elementor-element-4af146b elementor-section-boxed elementor-section-height-default elementor-section-height-default\" data-id=\"4af146b\" data-element_type=\"section\">\n\t\t\t\t\t\t<div class=\"elementor-container elementor-column-gap-default\">\n\t\t\t\t\t<div class=\"elementor-column elementor-col-50 elementor-top-column elementor-element elementor-element-efcd4eb\" data-id=\"efcd4eb\" data-element_type=\"column\">\n\t\t\t<div class=\"elementor-widget-wrap elementor-element-populated\">\n\t\t\t\t\t\t<div class=\"elementor-element elementor-element-b148d66 elementor-widget elementor-widget-image\" data-id=\"b148d66\" data-element_type=\"widget\" data-widget_type=\"image.default\">\n\t\t\t\t<div class=\"elementor-widget-container\">\n\t\t\t\t\t\t\t\t\t\t\t\t\t\t\t<img fetchpriority=\"high\" decoding=\"async\" width=\"682\" height=\"1024\" src=\"https:\/\/nw-gemeinschaft.de\/wp-content\/uploads\/2025\/11\/Stephanie-Auer-Neuberg_v1-682x1024.jpeg\" class=\"attachment-large size-large wp-image-727\" alt=\"Stephanie Auer-Neuberg\" srcset=\"https:\/\/nw-gemeinschaft.de\/wp-content\/uploads\/2025\/11\/Stephanie-Auer-Neuberg_v1-682x1024.jpeg 682w, https:\/\/nw-gemeinschaft.de\/wp-content\/uploads\/2025\/11\/Stephanie-Auer-Neuberg_v1-200x300.jpeg 200w, https:\/\/nw-gemeinschaft.de\/wp-content\/uploads\/2025\/11\/Stephanie-Auer-Neuberg_v1-768x1152.jpeg 768w, https:\/\/nw-gemeinschaft.de\/wp-content\/uploads\/2025\/11\/Stephanie-Auer-Neuberg_v1-1024x1536.jpeg 1024w, https:\/\/nw-gemeinschaft.de\/wp-content\/uploads\/2025\/11\/Stephanie-Auer-Neuberg_v1-1365x2048.jpeg 1365w, https:\/\/nw-gemeinschaft.de\/wp-content\/uploads\/2025\/11\/Stephanie-Auer-Neuberg_v1-850x1275.jpeg 850w, https:\/\/nw-gemeinschaft.de\/wp-content\/uploads\/2025\/11\/Stephanie-Auer-Neuberg_v1.jpeg 1706w\" sizes=\"(max-width: 682px) 100vw, 682px\" \/>\t\t\t\t\t\t\t\t\t\t\t\t\t\t\t<\/div>\n\t\t\t\t<\/div>\n\t\t\t\t\t<\/div>\n\t\t<\/div>\n\t\t\t\t<div class=\"elementor-column elementor-col-50 elementor-top-column elementor-element elementor-element-fe71b74\" data-id=\"fe71b74\" data-element_type=\"column\">\n\t\t\t<div class=\"elementor-widget-wrap elementor-element-populated\">\n\t\t\t\t\t\t<div class=\"elementor-element elementor-element-4a64b8b elementor-widget elementor-widget-heading\" data-id=\"4a64b8b\" data-element_type=\"widget\" data-widget_type=\"heading.default\">\n\t\t\t\t<div class=\"elementor-widget-container\">\n\t\t\t\t\t<h2 class=\"elementor-heading-title elementor-size-default\">\u00dcber mich<\/h2>\t\t\t\t<\/div>\n\t\t\t\t<\/div>\n\t\t\t\t<div class=\"elementor-element elementor-element-67557f9 elementor-widget elementor-widget-text-editor\" data-id=\"67557f9\" data-element_type=\"widget\" data-widget_type=\"text-editor.default\">\n\t\t\t\t<div class=\"elementor-widget-container\">\n\t\t\t\t\t\t\t\t\t<p>Mein Name ist <strong>Stephanie Auer-Neuberg<\/strong> \u2013 ich bin Mutter, promovierte Diplom-Kauffrau, Ehepartnerin, Kommunalpolitikerin, Buttenheimerin mit Leib und Seele. Buttenheim ist f\u00fcr mich kein Ort auf der Landkarte, sondern ein St\u00fcck Heimat, welches mein Leben pr\u00e4gt. Hier wachsen meine drei Kinder auf, hier kommt die Familie zusammen, hier feiern wir Feste und hier arbeite ich. Hier findet mein Leben statt und zu diesem Leben geh\u00f6rt auch ganz viel ehrenamtliches Engagement f\u00fcr und in unserer Gemeinde.<\/p>\t\t\t\t\t\t\t\t<\/div>\n\t\t\t\t<\/div>\n\t\t\t\t<div class=\"elementor-element elementor-element-8960cb0 elementor-widget elementor-widget-heading\" data-id=\"8960cb0\" data-element_type=\"widget\" data-widget_type=\"heading.default\">\n\t\t\t\t<div class=\"elementor-widget-container\">\n\t\t\t\t\t<h2 class=\"elementor-heading-title elementor-size-default\">Meine Vision<\/h2>\t\t\t\t<\/div>\n\t\t\t\t<\/div>\n\t\t\t\t<div class=\"elementor-element elementor-element-6f46c98 elementor-widget elementor-widget-text-editor\" data-id=\"6f46c98\" data-element_type=\"widget\" data-widget_type=\"text-editor.default\">\n\t\t\t\t<div class=\"elementor-widget-container\">\n\t\t\t\t\t\t\t\t\t<p>Ich w\u00fcnsche mir ein Buttenheim,<\/p><p style=\"padding-left: 40px;\"><strong>&#8230;das lebenswert ist f\u00fcr alle Generationen,<\/strong><\/p><p style=\"padding-left: 40px;\"><strong>&#8230;das nachhaltig wirtschaftet und zukunftssicher bleibt,<\/strong><\/p><p style=\"padding-left: 40px;\"><strong>&#8230;das offen kommuniziert und transparent entscheidet,<\/strong><\/p><p style=\"padding-left: 40px;\"><strong>&#8230;und das zusammenh\u00e4lt \u2013 selbstbewusst, respektvoll und stolz.<\/strong><\/p><p>Ich m\u00f6chte, dass wir <strong>unsere Traditionen<\/strong> feiern und gleichzeitig <strong>mutig nach vorne schauen<\/strong> &#8211; dass wir in Buttenheim sagen k\u00f6nnen: <strong>Hier leben wir gern. Hier gestalten wir Zukunft.<\/strong><\/p>\t\t\t\t\t\t\t\t<\/div>\n\t\t\t\t<\/div>\n\t\t\t\t<div class=\"elementor-element elementor-element-40ab46d elementor-widget elementor-widget-heading\" data-id=\"40ab46d\" data-element_type=\"widget\" data-widget_type=\"heading.default\">\n\t\t\t\t<div class=\"elementor-widget-container\">\n\t\t\t\t\t<h2 class=\"elementor-heading-title elementor-size-default\">Ihre Anliegen<\/h2>\t\t\t\t<\/div>\n\t\t\t\t<\/div>\n\t\t\t\t<div class=\"elementor-element elementor-element-d6ad853 elementor-headline--style-highlight elementor-widget elementor-widget-animated-headline\" data-id=\"d6ad853\" data-element_type=\"widget\" data-settings=\"{&quot;highlighted_text&quot;:&quot;stephie@nw-gemeinschaft.de, &quot;,&quot;headline_style&quot;:&quot;highlight&quot;,&quot;marker&quot;:&quot;circle&quot;,&quot;loop&quot;:&quot;yes&quot;,&quot;highlight_animation_duration&quot;:1200,&quot;highlight_iteration_delay&quot;:8000}\" data-widget_type=\"animated-headline.default\">\n\t\t\t\t<div class=\"elementor-widget-container\">\n\t\t\t\t\t\t\t<h3 class=\"elementor-headline\">\n\t\t\t\t\t<span class=\"elementor-headline-plain-text elementor-headline-text-wrapper\">Schreiben Sie mir gerne an           <\/span>\n\t\t\t\t<span class=\"elementor-headline-dynamic-wrapper elementor-headline-text-wrapper\">\n\t\t\t\t\t<span class=\"elementor-headline-dynamic-text elementor-headline-text-active\">stephie@nw-gemeinschaft.de, <\/span>\n\t\t\t\t<\/span>\n\t\t\t\t\t<span class=\"elementor-headline-plain-text elementor-headline-text-wrapper\">welche  Themen Ihnen auf dem Herzen liegen. Oder sprechen Sie mich einfach pers\u00f6nlich an!<\/span>\n\t\t\t\t\t<\/h3>\n\t\t\t\t\t\t<\/div>\n\t\t\t\t<\/div>\n\t\t\t\t\t<\/div>\n\t\t<\/div>\n\t\t\t\t\t<\/div>\n\t\t<\/section>\n\t\t\t\t<\/div>\n\t\t","protected":false},"excerpt":{"rendered":"<p>Dr. Stephanie Auer-Neuberg Erfahrung \u00b7 Kompetenz \u00b7 Haltung \u00dcber mich Mein Name ist Stephanie Auer-Neuberg \u2013 ich bin Mutter, promovierte Diplom-Kauffrau, Ehepartnerin, Kommunalpolitikerin, Buttenheimerin mit&hellip;<\/p>\n","protected":false},"author":1,"featured_media":0,"parent":0,"menu_order":0,"comment_status":"closed","ping_status":"closed","template":"","meta":{"footnotes":""},"class_list":["post-719","page","type-page","status-publish","hentry"],"yoast_head":"<!-- This site is optimized with the Yoast SEO plugin v26.3 - https:\/\/yoast.com\/wordpress\/plugins\/seo\/ -->\n<title>B\u00fcrgermeisterkandidatin - Neue W\u00e4hler Gemeinschaft<\/title>\n<meta name=\"robots\" content=\"index, follow, max-snippet:-1, max-image-preview:large, max-video-preview:-1\" \/>\n<link rel=\"canonical\" href=\"https:\/\/nw-gemeinschaft.de\/?page_id=719\" \/>\n<meta property=\"og:locale\" content=\"de_DE\" \/>\n<meta property=\"og:type\" content=\"article\" \/>\n<meta property=\"og:title\" content=\"B\u00fcrgermeisterkandidatin - Neue W\u00e4hler Gemeinschaft\" \/>\n<meta property=\"og:description\" content=\"Dr. Stephanie Auer-Neuberg Erfahrung \u00b7 Kompetenz \u00b7 Haltung \u00dcber mich Mein Name ist Stephanie Auer-Neuberg \u2013 ich bin Mutter, promovierte Diplom-Kauffrau, Ehepartnerin, Kommunalpolitikerin, Buttenheimerin mit&hellip;\" \/>\n<meta property=\"og:url\" content=\"https:\/\/nw-gemeinschaft.de\/?page_id=719\" \/>\n<meta property=\"og:site_name\" content=\"Neue W\u00e4hler Gemeinschaft\" \/>\n<meta property=\"article:modified_time\" content=\"2026-01-12T20:38:46+00:00\" \/>\n<meta property=\"og:image\" content=\"https:\/\/nw-gemeinschaft.de\/wp-content\/uploads\/2025\/11\/Stephanie-Auer-Neuberg_v1.jpeg\" \/>\n\t<meta property=\"og:image:width\" content=\"1706\" \/>\n\t<meta property=\"og:image:height\" content=\"2560\" \/>\n\t<meta property=\"og:image:type\" content=\"image\/jpeg\" \/>\n<meta name=\"twitter:card\" content=\"summary_large_image\" \/>\n<meta name=\"twitter:label1\" content=\"Gesch\u00e4tzte Lesezeit\" \/>\n\t<meta name=\"twitter:data1\" content=\"2\u00a0Minuten\" \/>\n<script type=\"application\/ld+json\" class=\"yoast-schema-graph\">{\"@context\":\"https:\/\/schema.org\",\"@graph\":[{\"@type\":\"WebPage\",\"@id\":\"https:\/\/nw-gemeinschaft.de\/?page_id=719\",\"url\":\"https:\/\/nw-gemeinschaft.de\/?page_id=719\",\"name\":\"B\u00fcrgermeisterkandidatin - Neue W\u00e4hler Gemeinschaft\",\"isPartOf\":{\"@id\":\"https:\/\/nw-gemeinschaft.de\/#website\"},\"primaryImageOfPage\":{\"@id\":\"https:\/\/nw-gemeinschaft.de\/?page_id=719#primaryimage\"},\"image\":{\"@id\":\"https:\/\/nw-gemeinschaft.de\/?page_id=719#primaryimage\"},\"thumbnailUrl\":\"https:\/\/nw-gemeinschaft.de\/wp-content\/uploads\/2025\/11\/Stephanie-Auer-Neuberg_v1-682x1024.jpeg\",\"datePublished\":\"2025-11-07T20:32:39+00:00\",\"dateModified\":\"2026-01-12T20:38:46+00:00\",\"breadcrumb\":{\"@id\":\"https:\/\/nw-gemeinschaft.de\/?page_id=719#breadcrumb\"},\"inLanguage\":\"de\",\"potentialAction\":[{\"@type\":\"ReadAction\",\"target\":[\"https:\/\/nw-gemeinschaft.de\/?page_id=719\"]}]},{\"@type\":\"ImageObject\",\"inLanguage\":\"de\",\"@id\":\"https:\/\/nw-gemeinschaft.de\/?page_id=719#primaryimage\",\"url\":\"https:\/\/nw-gemeinschaft.de\/wp-content\/uploads\/2025\/11\/Stephanie-Auer-Neuberg_v1.jpeg\",\"contentUrl\":\"https:\/\/nw-gemeinschaft.de\/wp-content\/uploads\/2025\/11\/Stephanie-Auer-Neuberg_v1.jpeg\",\"width\":1706,\"height\":2560,\"caption\":\"Portraits und Gruppenbilder der Neuen W\u00e4hlergemeinschaft f\u00fcr die Kommunalwahl 2026 J-NWG-Bilder 10\/2025\"},{\"@type\":\"BreadcrumbList\",\"@id\":\"https:\/\/nw-gemeinschaft.de\/?page_id=719#breadcrumb\",\"itemListElement\":[{\"@type\":\"ListItem\",\"position\":1,\"name\":\"Startseite\",\"item\":\"https:\/\/nw-gemeinschaft.de\/\"},{\"@type\":\"ListItem\",\"position\":2,\"name\":\"B\u00fcrgermeisterkandidatin\"}]},{\"@type\":\"WebSite\",\"@id\":\"https:\/\/nw-gemeinschaft.de\/#website\",\"url\":\"https:\/\/nw-gemeinschaft.de\/\",\"name\":\"Neue W\u00e4hler Gemeinschaft\",\"description\":\"Buttenheim - Neue Wege gehen\",\"publisher\":{\"@id\":\"https:\/\/nw-gemeinschaft.de\/#organization\"},\"potentialAction\":[{\"@type\":\"SearchAction\",\"target\":{\"@type\":\"EntryPoint\",\"urlTemplate\":\"https:\/\/nw-gemeinschaft.de\/?s={search_term_string}\"},\"query-input\":{\"@type\":\"PropertyValueSpecification\",\"valueRequired\":true,\"valueName\":\"search_term_string\"}}],\"inLanguage\":\"de\"},{\"@type\":\"Organization\",\"@id\":\"https:\/\/nw-gemeinschaft.de\/#organization\",\"name\":\"Neue W\u00e4hler Gemeinschaft\",\"url\":\"https:\/\/nw-gemeinschaft.de\/\",\"logo\":{\"@type\":\"ImageObject\",\"inLanguage\":\"de\",\"@id\":\"https:\/\/nw-gemeinschaft.de\/#\/schema\/logo\/image\/\",\"url\":\"https:\/\/nw-gemeinschaft.de\/wp-content\/uploads\/2020\/02\/nwg-organg-ts2-rightmore.png\",\"contentUrl\":\"https:\/\/nw-gemeinschaft.de\/wp-content\/uploads\/2020\/02\/nwg-organg-ts2-rightmore.png\",\"width\":396,\"height\":231,\"caption\":\"Neue W\u00e4hler Gemeinschaft\"},\"image\":{\"@id\":\"https:\/\/nw-gemeinschaft.de\/#\/schema\/logo\/image\/\"}}]}<\/script>\n<!-- \/ Yoast SEO plugin. -->","yoast_head_json":{"title":"B\u00fcrgermeisterkandidatin - Neue W\u00e4hler Gemeinschaft","robots":{"index":"index","follow":"follow","max-snippet":"max-snippet:-1","max-image-preview":"max-image-preview:large","max-video-preview":"max-video-preview:-1"},"canonical":"https:\/\/nw-gemeinschaft.de\/?page_id=719","og_locale":"de_DE","og_type":"article","og_title":"B\u00fcrgermeisterkandidatin - Neue W\u00e4hler Gemeinschaft","og_description":"Dr. Stephanie Auer-Neuberg Erfahrung \u00b7 Kompetenz \u00b7 Haltung \u00dcber mich Mein Name ist Stephanie Auer-Neuberg \u2013 ich bin Mutter, promovierte Diplom-Kauffrau, Ehepartnerin, Kommunalpolitikerin, Buttenheimerin mit&hellip;","og_url":"https:\/\/nw-gemeinschaft.de\/?page_id=719","og_site_name":"Neue W\u00e4hler Gemeinschaft","article_modified_time":"2026-01-12T20:38:46+00:00","og_image":[{"width":1706,"height":2560,"url":"https:\/\/nw-gemeinschaft.de\/wp-content\/uploads\/2025\/11\/Stephanie-Auer-Neuberg_v1.jpeg","type":"image\/jpeg"}],"twitter_card":"summary_large_image","twitter_misc":{"Gesch\u00e4tzte Lesezeit":"2\u00a0Minuten"},"schema":{"@context":"https:\/\/schema.org","@graph":[{"@type":"WebPage","@id":"https:\/\/nw-gemeinschaft.de\/?page_id=719","url":"https:\/\/nw-gemeinschaft.de\/?page_id=719","name":"B\u00fcrgermeisterkandidatin - Neue W\u00e4hler Gemeinschaft","isPartOf":{"@id":"https:\/\/nw-gemeinschaft.de\/#website"},"primaryImageOfPage":{"@id":"https:\/\/nw-gemeinschaft.de\/?page_id=719#primaryimage"},"image":{"@id":"https:\/\/nw-gemeinschaft.de\/?page_id=719#primaryimage"},"thumbnailUrl":"https:\/\/nw-gemeinschaft.de\/wp-content\/uploads\/2025\/11\/Stephanie-Auer-Neuberg_v1-682x1024.jpeg","datePublished":"2025-11-07T20:32:39+00:00","dateModified":"2026-01-12T20:38:46+00:00","breadcrumb":{"@id":"https:\/\/nw-gemeinschaft.de\/?page_id=719#breadcrumb"},"inLanguage":"de","potentialAction":[{"@type":"ReadAction","target":["https:\/\/nw-gemeinschaft.de\/?page_id=719"]}]},{"@type":"ImageObject","inLanguage":"de","@id":"https:\/\/nw-gemeinschaft.de\/?page_id=719#primaryimage","url":"https:\/\/nw-gemeinschaft.de\/wp-content\/uploads\/2025\/11\/Stephanie-Auer-Neuberg_v1.jpeg","contentUrl":"https:\/\/nw-gemeinschaft.de\/wp-content\/uploads\/2025\/11\/Stephanie-Auer-Neuberg_v1.jpeg","width":1706,"height":2560,"caption":"Portraits und Gruppenbilder der Neuen W\u00e4hlergemeinschaft f\u00fcr die Kommunalwahl 2026 J-NWG-Bilder 10\/2025"},{"@type":"BreadcrumbList","@id":"https:\/\/nw-gemeinschaft.de\/?page_id=719#breadcrumb","itemListElement":[{"@type":"ListItem","position":1,"name":"Startseite","item":"https:\/\/nw-gemeinschaft.de\/"},{"@type":"ListItem","position":2,"name":"B\u00fcrgermeisterkandidatin"}]},{"@type":"WebSite","@id":"https:\/\/nw-gemeinschaft.de\/#website","url":"https:\/\/nw-gemeinschaft.de\/","name":"Neue W\u00e4hler Gemeinschaft","description":"Buttenheim - Neue Wege gehen","publisher":{"@id":"https:\/\/nw-gemeinschaft.de\/#organization"},"potentialAction":[{"@type":"SearchAction","target":{"@type":"EntryPoint","urlTemplate":"https:\/\/nw-gemeinschaft.de\/?s={search_term_string}"},"query-input":{"@type":"PropertyValueSpecification","valueRequired":true,"valueName":"search_term_string"}}],"inLanguage":"de"},{"@type":"Organization","@id":"https:\/\/nw-gemeinschaft.de\/#organization","name":"Neue W\u00e4hler Gemeinschaft","url":"https:\/\/nw-gemeinschaft.de\/","logo":{"@type":"ImageObject","inLanguage":"de","@id":"https:\/\/nw-gemeinschaft.de\/#\/schema\/logo\/image\/","url":"https:\/\/nw-gemeinschaft.de\/wp-content\/uploads\/2020\/02\/nwg-organg-ts2-rightmore.png","contentUrl":"https:\/\/nw-gemeinschaft.de\/wp-content\/uploads\/2020\/02\/nwg-organg-ts2-rightmore.png","width":396,"height":231,"caption":"Neue W\u00e4hler Gemeinschaft"},"image":{"@id":"https:\/\/nw-gemeinschaft.de\/#\/schema\/logo\/image\/"}}]}},"_links":{"self":[{"href":"https:\/\/nw-gemeinschaft.de\/index.php?rest_route=\/wp\/v2\/pages\/719","targetHints":{"allow":["GET"]}}],"collection":[{"href":"https:\/\/nw-gemeinschaft.de\/index.php?rest_route=\/wp\/v2\/pages"}],"about":[{"href":"https:\/\/nw-gemeinschaft.de\/index.php?rest_route=\/wp\/v2\/types\/page"}],"author":[{"embeddable":true,"href":"https:\/\/nw-gemeinschaft.de\/index.php?rest_route=\/wp\/v2\/users\/1"}],"replies":[{"embeddable":true,"href":"https:\/\/nw-gemeinschaft.de\/index.php?rest_route=%2Fwp%2Fv2%2Fcomments&post=719"}],"version-history":[{"count":70,"href":"https:\/\/nw-gemeinschaft.de\/index.php?rest_route=\/wp\/v2\/pages\/719\/revisions"}],"predecessor-version":[{"id":943,"href":"https:\/\/nw-gemeinschaft.de\/index.php?rest_route=\/wp\/v2\/pages\/719\/revisions\/943"}],"wp:attachment":[{"href":"https:\/\/nw-gemeinschaft.de\/index.php?rest_route=%2Fwp%2Fv2%2Fmedia&parent=719"}],"curies":[{"name":"wp","href":"https:\/\/api.w.org\/{rel}","templated":true}]}}