{"id":309,"date":"2020-01-17T21:23:21","date_gmt":"2020-01-17T21:23:21","guid":{"rendered":"https:\/\/neue-w\u00e4hler.info\/?page_id=309"},"modified":"2020-02-13T20:03:22","modified_gmt":"2020-02-13T20:03:22","slug":"impressum","status":"publish","type":"page","link":"https:\/\/nw-gemeinschaft.de\/?page_id=309","title":{"rendered":"Impressum"},"content":{"rendered":"\t\t<div data-elementor-type=\"wp-post\" data-elementor-id=\"309\" class=\"elementor elementor-309\" data-elementor-post-type=\"page\">\n\t\t\t\t\t\t<section class=\"elementor-section elementor-top-section elementor-element elementor-element-5c4a22b elementor-section-boxed elementor-section-height-default elementor-section-height-default\" data-id=\"5c4a22b\" data-element_type=\"section\" data-settings=\"{&quot;background_background&quot;:&quot;classic&quot;,&quot;shape_divider_top&quot;:&quot;arrow&quot;}\">\n\t\t\t\t\t\t\t<div class=\"elementor-background-overlay\"><\/div>\n\t\t\t\t\t\t<div class=\"elementor-shape elementor-shape-top\" aria-hidden=\"true\" data-negative=\"false\">\n\t\t\t<svg xmlns=\"http:\/\/www.w3.org\/2000\/svg\" viewBox=\"0 0 700 10\" preserveAspectRatio=\"none\">\n\t<path class=\"elementor-shape-fill\" d=\"M350,10L340,0h20L350,10z\"\/>\n<\/svg>\t\t<\/div>\n\t\t\t\t\t<div class=\"elementor-container elementor-column-gap-default\">\n\t\t\t\t\t<div class=\"elementor-column elementor-col-100 elementor-top-column elementor-element elementor-element-d056620\" data-id=\"d056620\" data-element_type=\"column\">\n\t\t\t<div class=\"elementor-widget-wrap elementor-element-populated\">\n\t\t\t\t\t\t<div class=\"elementor-element elementor-element-e40cadf elementor-widget elementor-widget-heading\" data-id=\"e40cadf\" data-element_type=\"widget\" data-widget_type=\"heading.default\">\n\t\t\t\t<div class=\"elementor-widget-container\">\n\t\t\t\t\t<h2 class=\"elementor-heading-title elementor-size-default\">Impressum<\/h2>\t\t\t\t<\/div>\n\t\t\t\t<\/div>\n\t\t\t\t<div class=\"elementor-element elementor-element-61edc31 elementor-widget elementor-widget-attesa-extra-divider\" data-id=\"61edc31\" data-element_type=\"widget\" data-widget_type=\"attesa-extra-divider.default\">\n\t\t\t\t<div class=\"elementor-widget-container\">\n\t\t\t\t\t\t\t<div class=\"attesa-extra-divider-wrap position_center\">\r\n\t\t\t<div class=\"attesa-extra-divider attesa-divider-before\"><\/div>\r\n\t\t\t\t\t\t\t<div class=\"attesa-divider-middle\"><i class=\"fa fa-bookmark\"><\/i><\/div>\r\n\t\t\t\t\t\t<div class=\"attesa-extra-divider attesa-divider-after\"><\/div>\r\n\t\t<\/div>\r\n\t\t\t\t\t\t<\/div>\n\t\t\t\t<\/div>\n\t\t\t\t<section class=\"elementor-section elementor-inner-section elementor-element elementor-element-6e34a41 elementor-section-boxed elementor-section-height-default elementor-section-height-default\" data-id=\"6e34a41\" data-element_type=\"section\">\n\t\t\t\t\t\t<div class=\"elementor-container elementor-column-gap-default\">\n\t\t\t\t\t<div class=\"elementor-column elementor-col-50 elementor-inner-column elementor-element elementor-element-87cccff\" data-id=\"87cccff\" data-element_type=\"column\">\n\t\t\t<div class=\"elementor-widget-wrap elementor-element-populated\">\n\t\t\t\t\t\t<div class=\"elementor-element elementor-element-a1925e3 elementor-widget elementor-widget-text-editor\" data-id=\"a1925e3\" data-element_type=\"widget\" data-widget_type=\"text-editor.default\">\n\t\t\t\t<div class=\"elementor-widget-container\">\n\t\t\t\t\t\t\t\t\t<div class=\"frame_main_2\">\n<h3 class=\"font_title_top\"><span style=\"color: #ffffff;\">Veranstalter:<\/span><\/h3>\n<span style=\"color: #ffffff;\">NWG- Neue W\u00e4hler Gemeinschaft<\/span><br>\n<span style=\"color: #ffffff;\">Stockgasse 30<\/span><br>\n<span style=\"color: #ffffff;\">96155 Buttenheim<\/span>\n<br><h4 class=\"font_title\"><span style=\"color: #ffffff;\">Verantwortlich und vertreten durch:<\/span><\/h4>\n<span style=\"color: #ffffff;\">Schlund Lorenz<\/span><br>\n<span style=\"color: #ffffff;\">Stockgasse 30<\/span><br>\n<span style=\"color: #ffffff;\">96155 Buttenheim<\/span>\n<p class=\"font_title\"><span style=\"color: #ffffff;\">Verantwortlich f\u00fcr den Inhalt dieser Internetpr\u00e4senz gem\u00e4\u00df <strong>\u00a7 55 Abs. 2 RStV<\/strong>:<\/span><\/p>\n<span style=\"color: #ffffff;\">Schlund Lorenz<\/span><br>\n<span style=\"color: #ffffff;\">Stockgasse 30<\/span><br>\n\n<span style=\"color: #ffffff;\">96155 Buttenheim<\/span>\n\n<\/div>\t\t\t\t\t\t\t\t<\/div>\n\t\t\t\t<\/div>\n\t\t\t\t\t<\/div>\n\t\t<\/div>\n\t\t\t\t<div class=\"elementor-column elementor-col-50 elementor-inner-column elementor-element elementor-element-220228f\" data-id=\"220228f\" data-element_type=\"column\">\n\t\t\t<div class=\"elementor-widget-wrap elementor-element-populated\">\n\t\t\t\t\t\t<div class=\"elementor-element elementor-element-b45f6f4 elementor-widget elementor-widget-image\" data-id=\"b45f6f4\" data-element_type=\"widget\" data-widget_type=\"image.default\">\n\t\t\t\t<div class=\"elementor-widget-container\">\n\t\t\t\t\t\t\t\t\t\t\t\t\t\t\t<img fetchpriority=\"high\" decoding=\"async\" width=\"830\" height=\"561\" src=\"https:\/\/nw-gemeinschaft.de\/wp-content\/uploads\/2020\/01\/NWG3-1024x692.png\" class=\"attachment-large size-large wp-image-245\" alt=\"\" srcset=\"https:\/\/nw-gemeinschaft.de\/wp-content\/uploads\/2020\/01\/NWG3-1024x692.png 1024w, https:\/\/nw-gemeinschaft.de\/wp-content\/uploads\/2020\/01\/NWG3-300x203.png 300w, https:\/\/nw-gemeinschaft.de\/wp-content\/uploads\/2020\/01\/NWG3-768x519.png 768w, https:\/\/nw-gemeinschaft.de\/wp-content\/uploads\/2020\/01\/NWG3-1536x1038.png 1536w, https:\/\/nw-gemeinschaft.de\/wp-content\/uploads\/2020\/01\/NWG3-850x575.png 850w, https:\/\/nw-gemeinschaft.de\/wp-content\/uploads\/2020\/01\/NWG3.png 1664w\" sizes=\"(max-width: 830px) 100vw, 830px\" \/>\t\t\t\t\t\t\t\t\t\t\t\t\t\t\t<\/div>\n\t\t\t\t<\/div>\n\t\t\t\t\t<\/div>\n\t\t<\/div>\n\t\t\t\t\t<\/div>\n\t\t<\/section>\n\t\t\t\t<div class=\"elementor-element elementor-element-5648a5f elementor-widget elementor-widget-text-editor\" data-id=\"5648a5f\" data-element_type=\"widget\" data-widget_type=\"text-editor.default\">\n\t\t\t\t<div class=\"elementor-widget-container\">\n\t\t\t\t\t\t\t\t\t<div class=\"frame_main_2\"><h4><span class=\"font_title\" style=\"color: #ffffff;\">Haftungsausschluss f\u00fcr Inhalte<\/span><\/h4><p><span style=\"color: #ffffff;\">Die Inhalte unserer Seiten wurden mit gr\u00f6\u00dfter Sorgfalt erstellt. F\u00fcr die Richtigkeit, Vollst\u00e4ndigkeit und Aktualit\u00e4t der Inhalte k\u00f6nnen wir jedoch keine Gew\u00e4hr \u00fcbernehmen. Als Diensteanbieter sind wir gem\u00e4\u00df \u00a7 7 Abs.1 TMG f\u00fcr eigene Inhalte auf diesen Seiten nach den allgemeinen Gesetzen verantwortlich. Nach \u00a7\u00a7 8 bis 10 TMG sind wir als Diensteanbieter jedoch nicht verpflichtet, \u00fcbermittelte oder gespeicherte fremde Informationen zu \u00fcberwachen oder nach Umst\u00e4nden zu forschen, die auf eine rechtswidrige T\u00e4tigkeit hinweisen. Verpflichtungen zur Entfernung oder Sperrung der Nutzung von Informationen nach den allgemeinen Gesetzen bleiben hiervon unber\u00fchrt. Eine diesbez\u00fcgliche Haftung ist jedoch erst ab dem Zeitpunkt der Kenntnis einer konkreten Rechtsverletzung m\u00f6glich. Bei Bekanntwerden von entsprechenden Rechtsverletzungen werden wir diese Inhalte umgehend entfernen. Die Benutzung erfolgt ausschlie\u00dflich auf eigenes Risiko.<\/span><\/p><h4 class=\"font_title\"><span style=\"color: #ffffff;\">Haftungsausschluss f\u00fcr Links<\/span><\/h4><p><span style=\"color: #ffffff;\">Unser Angebot enth\u00e4lt Links zu externen Webseiten Dritter, auf deren Inhalte wir keinen Einfluss haben. Deshalb k\u00f6nnen wir f\u00fcr diese fremden Inhalte auch keine Gew\u00e4hr \u00fcbernehmen. F\u00fcr die Inhalte der verlinkten Seiten ist stets der jeweilige Anbieter oder Betreiber der Seiten verantwortlich. Die verlinkten Seiten wurden zum Zeitpunkt der Verlinkung auf m\u00f6gliche Rechtsverst\u00f6\u00dfe \u00fcberpr\u00fcft. Rechtswidrige Inhalte waren zum Zeitpunkt der Verlinkung nicht erkennbar. Eine permanente inhaltliche Kontrolle der verlinkten Seiten ist jedoch ohne konkrete Anhaltspunkte einer Rechtsverletzung nicht zumutbar. Bei Bekanntwerden von Rechtsverletzungen werden wir derartige Links umgehend entfernen.<\/span><\/p><h4 class=\"font_title\"><span style=\"color: #ffffff;\">Urheberrechte<\/span><\/h4><p><span style=\"color: #ffffff;\">Die durch die Seitenbetreiber erstellten Inhalte, Werke sowie das Layout auf diesen Seiten unterliegen dem deutschen Urheberrecht. Die Vervielf\u00e4ltigung, Bearbeitung, Verbreitung und jede Art der Verwertung au\u00dferhalb der Grenzen des Urheberrechtes bed\u00fcrfen der schriftlichen Zustimmung des jeweiligen Autors bzw. Erstellers. Downloads und Kopien dieser Seite sind nur f\u00fcr den privaten, nicht kommerziellen Gebrauch gestattet. Soweit die Inhalte auf dieser Seite nicht vom Betreiber erstellt wurden, werden die Urheberrechte Dritter beachtet. Insbesondere werden Inhalte Dritter als solche gekennzeichnet. Sollten Sie trotzdem auf eine Urheberrechtsverletzung aufmerksam werden, bitten wir um einen entsprechenden Hinweis. Bei Bekanntwerden von Rechtsverletzungen werden wir derartige Inhalte umgehend entfernen.<\/span><\/p><p><span style=\"color: #ffffff;\">Die Urheberrechte der Bilder der Kandidaten 2020 liegen bei der NWG.<\/span><\/p><p class=\"paragraph_style_2\"><span style=\"color: #ffffff;\">Die Neue W\u00e4hler Gemeinschaft beh\u00e4lt es sich ausdr\u00fccklich vor, einzelne Webseiten oder das gesamte Angebot ohne gesonderte Ank\u00fcndigung zu ver\u00e4ndern, zu erg\u00e4nzen, zu l\u00f6schen oder die Ver\u00f6ffentlichung zeitweise oder endg\u00fcltig einzustellen.<\/span><\/p><h4 class=\"font_title\"><span style=\"color: #ffffff;\">Datenschutz<\/span><\/h4><p class=\"paragraph_style_2\"><span style=\"color: #ffffff;\">Die Nutzung unserer Webseite ist in der Regel ohne Angabe personenbezogener Daten m\u00f6glich. Soweit auf unseren Seiten personenbezogene Daten (beispielsweise Name, Anschrift oder E-Mail-Adressen) erhoben werden, erfolgt dies, soweit m\u00f6glich, stets auf freiwilliger Basis. Diese Daten werden ohne Ihre ausdr\u00fcckliche Zustimmung nicht an Dritte weitergegeben.<\/span><\/p><p><span style=\"color: #ffffff;\">Wir weisen darauf hin, dass die Daten\u00fcbertragung im Internet (z.B. bei der Kommunikation per E-Mail) Sicherheitsl\u00fccken aufweisen kann. Ein l\u00fcckenloser Schutz der Daten vor dem Zugriff durch Dritte ist nicht m\u00f6glich.<\/span><\/p><p><span style=\"color: #ffffff;\">Der Nutzung von im Rahmen der Impressumspflicht ver\u00f6ffentlichten Kontaktdaten durch Dritte zur \u00dcbersendung von nicht ausdr\u00fccklich angeforderter Werbung und Informationsmaterialien wird hiermit ausdr\u00fccklich widersprochen. Die Betreiber der Seiten behalten sich ausdr\u00fccklich rechtliche Schritte im Falle der unverlangten Zusendung von Werbeinformationen, etwa durch Spam-Mails, vor.<\/span><\/p><\/div>\t\t\t\t\t\t\t\t<\/div>\n\t\t\t\t<\/div>\n\t\t\t\t\t<\/div>\n\t\t<\/div>\n\t\t\t\t\t<\/div>\n\t\t<\/section>\n\t\t\t\t<section class=\"elementor-section elementor-top-section elementor-element elementor-element-567d477 elementor-section-boxed elementor-section-height-default elementor-section-height-default\" data-id=\"567d477\" data-element_type=\"section\">\n\t\t\t\t\t\t\t<div class=\"elementor-background-overlay\"><\/div>\n\t\t\t\t\t\t\t<div class=\"elementor-container elementor-column-gap-default\">\n\t\t\t\t\t<div class=\"elementor-column elementor-col-100 elementor-top-column elementor-element elementor-element-f457ca8\" data-id=\"f457ca8\" data-element_type=\"column\">\n\t\t\t<div class=\"elementor-widget-wrap elementor-element-populated\">\n\t\t\t\t\t\t<div class=\"elementor-element elementor-element-56f7c4a elementor-widget elementor-widget-text-editor\" data-id=\"56f7c4a\" data-element_type=\"widget\" data-widget_type=\"text-editor.default\">\n\t\t\t\t<div class=\"elementor-widget-container\">\n\t\t\t\t\t\t\t\t\t<div class=\"site-copy-down smallText\"><div class=\"site-info\"><span class=\"custom\">\u00a9 2020 Neue W\u00e4hler Gemeinschaft<\/span><\/div><\/div>\t\t\t\t\t\t\t\t<\/div>\n\t\t\t\t<\/div>\n\t\t\t\t\t<\/div>\n\t\t<\/div>\n\t\t\t\t\t<\/div>\n\t\t<\/section>\n\t\t\t\t<\/div>\n\t\t","protected":false},"excerpt":{"rendered":"<p>Impressum Veranstalter: NWG- Neue W\u00e4hler Gemeinschaft Stockgasse 30 96155 Buttenheim Verantwortlich und vertreten durch: Schlund Lorenz Stockgasse 30 96155 Buttenheim Verantwortlich f\u00fcr den Inhalt dieser&hellip;<\/p>\n","protected":false},"author":1,"featured_media":0,"parent":0,"menu_order":0,"comment_status":"closed","ping_status":"open","template":"","meta":{"footnotes":""},"class_list":["post-309","page","type-page","status-publish","hentry"],"yoast_head":"<!-- This site is optimized with the Yoast SEO plugin v26.3 - https:\/\/yoast.com\/wordpress\/plugins\/seo\/ -->\n<title>Impressum - Neue W\u00e4hler Gemeinschaft<\/title>\n<meta name=\"robots\" content=\"index, follow, max-snippet:-1, max-image-preview:large, max-video-preview:-1\" \/>\n<link rel=\"canonical\" href=\"https:\/\/nw-gemeinschaft.de\/?page_id=309\" \/>\n<meta property=\"og:locale\" content=\"de_DE\" \/>\n<meta property=\"og:type\" content=\"article\" \/>\n<meta property=\"og:title\" content=\"Impressum - Neue W\u00e4hler Gemeinschaft\" \/>\n<meta property=\"og:description\" content=\"Impressum Veranstalter: NWG- Neue W\u00e4hler Gemeinschaft Stockgasse 30 96155 Buttenheim Verantwortlich und vertreten durch: Schlund Lorenz Stockgasse 30 96155 Buttenheim Verantwortlich f\u00fcr den Inhalt dieser&hellip;\" \/>\n<meta property=\"og:url\" content=\"https:\/\/nw-gemeinschaft.de\/?page_id=309\" \/>\n<meta property=\"og:site_name\" content=\"Neue W\u00e4hler Gemeinschaft\" \/>\n<meta property=\"article:modified_time\" content=\"2020-02-13T20:03:22+00:00\" \/>\n<meta property=\"og:image\" content=\"https:\/\/nw-gemeinschaft.de\/wp-content\/uploads\/2020\/01\/NWG3.png\" \/>\n\t<meta property=\"og:image:width\" content=\"1664\" \/>\n\t<meta property=\"og:image:height\" content=\"1125\" \/>\n\t<meta property=\"og:image:type\" content=\"image\/png\" \/>\n<meta name=\"twitter:card\" content=\"summary_large_image\" \/>\n<meta name=\"twitter:label1\" content=\"Gesch\u00e4tzte Lesezeit\" \/>\n\t<meta name=\"twitter:data1\" content=\"3\u00a0Minuten\" \/>\n<script type=\"application\/ld+json\" class=\"yoast-schema-graph\">{\"@context\":\"https:\/\/schema.org\",\"@graph\":[{\"@type\":\"WebPage\",\"@id\":\"https:\/\/nw-gemeinschaft.de\/?page_id=309\",\"url\":\"https:\/\/nw-gemeinschaft.de\/?page_id=309\",\"name\":\"Impressum - Neue W\u00e4hler Gemeinschaft\",\"isPartOf\":{\"@id\":\"https:\/\/nw-gemeinschaft.de\/#website\"},\"primaryImageOfPage\":{\"@id\":\"https:\/\/nw-gemeinschaft.de\/?page_id=309#primaryimage\"},\"image\":{\"@id\":\"https:\/\/nw-gemeinschaft.de\/?page_id=309#primaryimage\"},\"thumbnailUrl\":\"https:\/\/nw-gemeinschaft.de\/wp-content\/uploads\/2020\/01\/NWG3-1024x692.png\",\"datePublished\":\"2020-01-17T21:23:21+00:00\",\"dateModified\":\"2020-02-13T20:03:22+00:00\",\"breadcrumb\":{\"@id\":\"https:\/\/nw-gemeinschaft.de\/?page_id=309#breadcrumb\"},\"inLanguage\":\"de\",\"potentialAction\":[{\"@type\":\"ReadAction\",\"target\":[\"https:\/\/nw-gemeinschaft.de\/?page_id=309\"]}]},{\"@type\":\"ImageObject\",\"inLanguage\":\"de\",\"@id\":\"https:\/\/nw-gemeinschaft.de\/?page_id=309#primaryimage\",\"url\":\"https:\/\/nw-gemeinschaft.de\/wp-content\/uploads\/2020\/01\/NWG3.png\",\"contentUrl\":\"https:\/\/nw-gemeinschaft.de\/wp-content\/uploads\/2020\/01\/NWG3.png\",\"width\":1664,\"height\":1125},{\"@type\":\"BreadcrumbList\",\"@id\":\"https:\/\/nw-gemeinschaft.de\/?page_id=309#breadcrumb\",\"itemListElement\":[{\"@type\":\"ListItem\",\"position\":1,\"name\":\"Startseite\",\"item\":\"https:\/\/nw-gemeinschaft.de\/\"},{\"@type\":\"ListItem\",\"position\":2,\"name\":\"Impressum\"}]},{\"@type\":\"WebSite\",\"@id\":\"https:\/\/nw-gemeinschaft.de\/#website\",\"url\":\"https:\/\/nw-gemeinschaft.de\/\",\"name\":\"Neue W\u00e4hler Gemeinschaft\",\"description\":\"Buttenheim - Neue Wege gehen\",\"publisher\":{\"@id\":\"https:\/\/nw-gemeinschaft.de\/#organization\"},\"potentialAction\":[{\"@type\":\"SearchAction\",\"target\":{\"@type\":\"EntryPoint\",\"urlTemplate\":\"https:\/\/nw-gemeinschaft.de\/?s={search_term_string}\"},\"query-input\":{\"@type\":\"PropertyValueSpecification\",\"valueRequired\":true,\"valueName\":\"search_term_string\"}}],\"inLanguage\":\"de\"},{\"@type\":\"Organization\",\"@id\":\"https:\/\/nw-gemeinschaft.de\/#organization\",\"name\":\"Neue W\u00e4hler Gemeinschaft\",\"url\":\"https:\/\/nw-gemeinschaft.de\/\",\"logo\":{\"@type\":\"ImageObject\",\"inLanguage\":\"de\",\"@id\":\"https:\/\/nw-gemeinschaft.de\/#\/schema\/logo\/image\/\",\"url\":\"https:\/\/nw-gemeinschaft.de\/wp-content\/uploads\/2020\/02\/nwg-organg-ts2-rightmore.png\",\"contentUrl\":\"https:\/\/nw-gemeinschaft.de\/wp-content\/uploads\/2020\/02\/nwg-organg-ts2-rightmore.png\",\"width\":396,\"height\":231,\"caption\":\"Neue W\u00e4hler Gemeinschaft\"},\"image\":{\"@id\":\"https:\/\/nw-gemeinschaft.de\/#\/schema\/logo\/image\/\"}}]}<\/script>\n<!-- \/ Yoast SEO plugin. -->","yoast_head_json":{"title":"Impressum - Neue W\u00e4hler Gemeinschaft","robots":{"index":"index","follow":"follow","max-snippet":"max-snippet:-1","max-image-preview":"max-image-preview:large","max-video-preview":"max-video-preview:-1"},"canonical":"https:\/\/nw-gemeinschaft.de\/?page_id=309","og_locale":"de_DE","og_type":"article","og_title":"Impressum - Neue W\u00e4hler Gemeinschaft","og_description":"Impressum Veranstalter: NWG- Neue W\u00e4hler Gemeinschaft Stockgasse 30 96155 Buttenheim Verantwortlich und vertreten durch: Schlund Lorenz Stockgasse 30 96155 Buttenheim Verantwortlich f\u00fcr den Inhalt dieser&hellip;","og_url":"https:\/\/nw-gemeinschaft.de\/?page_id=309","og_site_name":"Neue W\u00e4hler Gemeinschaft","article_modified_time":"2020-02-13T20:03:22+00:00","og_image":[{"width":1664,"height":1125,"url":"https:\/\/nw-gemeinschaft.de\/wp-content\/uploads\/2020\/01\/NWG3.png","type":"image\/png"}],"twitter_card":"summary_large_image","twitter_misc":{"Gesch\u00e4tzte Lesezeit":"3\u00a0Minuten"},"schema":{"@context":"https:\/\/schema.org","@graph":[{"@type":"WebPage","@id":"https:\/\/nw-gemeinschaft.de\/?page_id=309","url":"https:\/\/nw-gemeinschaft.de\/?page_id=309","name":"Impressum - Neue W\u00e4hler Gemeinschaft","isPartOf":{"@id":"https:\/\/nw-gemeinschaft.de\/#website"},"primaryImageOfPage":{"@id":"https:\/\/nw-gemeinschaft.de\/?page_id=309#primaryimage"},"image":{"@id":"https:\/\/nw-gemeinschaft.de\/?page_id=309#primaryimage"},"thumbnailUrl":"https:\/\/nw-gemeinschaft.de\/wp-content\/uploads\/2020\/01\/NWG3-1024x692.png","datePublished":"2020-01-17T21:23:21+00:00","dateModified":"2020-02-13T20:03:22+00:00","breadcrumb":{"@id":"https:\/\/nw-gemeinschaft.de\/?page_id=309#breadcrumb"},"inLanguage":"de","potentialAction":[{"@type":"ReadAction","target":["https:\/\/nw-gemeinschaft.de\/?page_id=309"]}]},{"@type":"ImageObject","inLanguage":"de","@id":"https:\/\/nw-gemeinschaft.de\/?page_id=309#primaryimage","url":"https:\/\/nw-gemeinschaft.de\/wp-content\/uploads\/2020\/01\/NWG3.png","contentUrl":"https:\/\/nw-gemeinschaft.de\/wp-content\/uploads\/2020\/01\/NWG3.png","width":1664,"height":1125},{"@type":"BreadcrumbList","@id":"https:\/\/nw-gemeinschaft.de\/?page_id=309#breadcrumb","itemListElement":[{"@type":"ListItem","position":1,"name":"Startseite","item":"https:\/\/nw-gemeinschaft.de\/"},{"@type":"ListItem","position":2,"name":"Impressum"}]},{"@type":"WebSite","@id":"https:\/\/nw-gemeinschaft.de\/#website","url":"https:\/\/nw-gemeinschaft.de\/","name":"Neue W\u00e4hler Gemeinschaft","description":"Buttenheim - Neue Wege gehen","publisher":{"@id":"https:\/\/nw-gemeinschaft.de\/#organization"},"potentialAction":[{"@type":"SearchAction","target":{"@type":"EntryPoint","urlTemplate":"https:\/\/nw-gemeinschaft.de\/?s={search_term_string}"},"query-input":{"@type":"PropertyValueSpecification","valueRequired":true,"valueName":"search_term_string"}}],"inLanguage":"de"},{"@type":"Organization","@id":"https:\/\/nw-gemeinschaft.de\/#organization","name":"Neue W\u00e4hler Gemeinschaft","url":"https:\/\/nw-gemeinschaft.de\/","logo":{"@type":"ImageObject","inLanguage":"de","@id":"https:\/\/nw-gemeinschaft.de\/#\/schema\/logo\/image\/","url":"https:\/\/nw-gemeinschaft.de\/wp-content\/uploads\/2020\/02\/nwg-organg-ts2-rightmore.png","contentUrl":"https:\/\/nw-gemeinschaft.de\/wp-content\/uploads\/2020\/02\/nwg-organg-ts2-rightmore.png","width":396,"height":231,"caption":"Neue W\u00e4hler Gemeinschaft"},"image":{"@id":"https:\/\/nw-gemeinschaft.de\/#\/schema\/logo\/image\/"}}]}},"_links":{"self":[{"href":"https:\/\/nw-gemeinschaft.de\/index.php?rest_route=\/wp\/v2\/pages\/309","targetHints":{"allow":["GET"]}}],"collection":[{"href":"https:\/\/nw-gemeinschaft.de\/index.php?rest_route=\/wp\/v2\/pages"}],"about":[{"href":"https:\/\/nw-gemeinschaft.de\/index.php?rest_route=\/wp\/v2\/types\/page"}],"author":[{"embeddable":true,"href":"https:\/\/nw-gemeinschaft.de\/index.php?rest_route=\/wp\/v2\/users\/1"}],"replies":[{"embeddable":true,"href":"https:\/\/nw-gemeinschaft.de\/index.php?rest_route=%2Fwp%2Fv2%2Fcomments&post=309"}],"version-history":[{"count":18,"href":"https:\/\/nw-gemeinschaft.de\/index.php?rest_route=\/wp\/v2\/pages\/309\/revisions"}],"predecessor-version":[{"id":603,"href":"https:\/\/nw-gemeinschaft.de\/index.php?rest_route=\/wp\/v2\/pages\/309\/revisions\/603"}],"wp:attachment":[{"href":"https:\/\/nw-gemeinschaft.de\/index.php?rest_route=%2Fwp%2Fv2%2Fmedia&parent=309"}],"curies":[{"name":"wp","href":"https:\/\/api.w.org\/{rel}","templated":true}]}}